{"id":65,"date":"2013-12-29T15:33:08","date_gmt":"2013-12-29T15:33:08","guid":{"rendered":"http:\/\/beta.messerhayn.de\/?page_id=65"},"modified":"2018-12-19T12:21:21","modified_gmt":"2018-12-19T12:21:21","slug":"staehle","status":"publish","type":"page","link":"http:\/\/www.messerhayn.de\/?page_id=65","title":{"rendered":"St\u00e4hle"},"content":{"rendered":"<div id=\"dslc-theme-content\"><div id=\"dslc-theme-content-inner\"><h2><span style=\"color: #c7a589\">Der Klingenstahl<\/span><\/h2>\n<p>&nbsp;<\/p>\n<table>\n<tbody>\n<tr>\n<td><\/td>\n<td align=\"center\" valign=\"center\" width=\"315\" height=\"257\"><span style=\"color: #c7a589\">\u00a0<a ref=\"magnificPopup\" href=\"http:\/\/www.messerhayn.de\/wp-content\/uploads\/2013\/12\/Klingenstaehle.jpg\"><img loading=\"lazy\" class=\"alignnone size-medium wp-image-500\" src=\"http:\/\/www.messerhayn.de\/wp-content\/uploads\/2013\/12\/Klingenstaehle-300x225.jpg\" alt=\"Klingenstaehle\" width=\"300\" height=\"225\" srcset=\"http:\/\/www.messerhayn.de\/wp-content\/uploads\/2013\/12\/Klingenstaehle-300x225.jpg 300w, http:\/\/www.messerhayn.de\/wp-content\/uploads\/2013\/12\/Klingenstaehle.jpg 400w, http:\/\/www.messerhayn.de\/wp-content\/uploads\/2013\/12\/Klingenstaehle-150x113.jpg 150w, http:\/\/www.messerhayn.de\/wp-content\/uploads\/2013\/12\/Klingenstaehle-267x200.jpg 267w\" sizes=\"(max-width: 300px) 100vw, 300px\" \/><\/a><\/span><\/td>\n<\/tr>\n<\/tbody>\n<\/table>\n<p><span style=\"color: #c7a589\">Die Leistung eines Messers h\u00e4ngt in einer derart entscheidenden Weise von seiner Klinge ab, dass allen anderen Teilen eine vergleichsweise untergeordnete Bedeutung zukommt.<\/span><\/p>\n<p><span style=\"color: #c7a589\">\u00a0<\/span><\/p>\n<p><span style=\"color: #c7a589\">Beeinflu\u00dft wird die Qualit\u00e4t einer Klinge von ihrer L\u00e4nge und Form, vor allem aber von den Eigenschaften des verwendeten Stahls. Ohne einen guten Klingenstahl kann es einfach kein wirklich gutes Messer geben. Die Schnitthaltigkeit eines Messer h\u00e4ngt stark von der H\u00e4rte des Klingenstahls ab. Bei dem \u00fcblichen Me\u00dfverfahren wird eine genormte Diamantspitze unter einer bestimmten Last in den Stahl eingedr\u00fcckt und die Eindringtiefe gemessen. Die Angabe erfolgt in Rockwell, kurz HRC.<\/span><\/p>\n<p><span style=\"color: #c7a589\">\u00a0<\/span><\/p>\n<p><span style=\"color: #c7a589\">Bis zur Einf\u00fchrung des pulvermetallurgischen Stahls\u00a0<b>CPM\u00a0T\u00a0440\u00a0V<\/b>\u00a0galten die amerikanischen St\u00e4hle\u00a0<b>D2<\/b>\u00a0und\u00a0<b>ATS\u00a034<\/b>\u00a0als beste Wahl. Die Nachteile des CPM T 440 V sind die 5-fachen Einkaufspreise f\u00fcr das Rohmaterial, sowie seine problematische Verarbeitbarkeit. Mittlerweile gibt es den\u00a0<b>CPM\u00a0420\u00a0V<\/b>, der den CPM\u00a0T\u00a0440\u00a0V in der Schnitthaltigkeit noch \u00fcbertrifft.<\/span><\/p>\n<p><span style=\"color: #c7a589\">\u00a0<\/span><\/p>\n<table border=\"3\" bgcolor=\"\">\n<tbody>\n<tr>\n<th colspan=\"2\"><span style=\"color: #c7a589\">Stahllegierungen<\/span><\/th>\n<\/tr>\n<tr>\n<td><span style=\"color: #c7a589\"><img src=\"http:\/\/www.messerhayn.de\/mes\/stae\/Stahltab.gif\" alt=\"\" border=\"0\" \/><a ref=\"magnificPopup\" href=\"http:\/\/www.messerhayn.de\/wp-content\/uploads\/2013\/12\/Stahltab.gif\"><img loading=\"lazy\" class=\"alignnone wp-image-501 size-full\" src=\"http:\/\/www.messerhayn.de\/wp-content\/uploads\/2013\/12\/Stahltab.gif\" alt=\"Stahltab\" width=\"500\" height=\"517\" \/><\/a><\/span><\/td>\n<\/tr>\n<\/tbody>\n<\/table>\n<table>\n<tbody>\n<tr>\n<td width=\"40%\"><a ref=\"magnificPopup\" href=\"http:\/\/www.messerhayn.de\/wp-content\/uploads\/2013\/12\/DamThAktuell11.jpg\"><img loading=\"lazy\" class=\"alignnone wp-image-503 size-full\" src=\"http:\/\/www.messerhayn.de\/wp-content\/uploads\/2013\/12\/DamThAktuell11.jpg\" alt=\"DamThAktuell11\" width=\"180\" height=\"172\" srcset=\"http:\/\/www.messerhayn.de\/wp-content\/uploads\/2013\/12\/DamThAktuell11.jpg 180w, http:\/\/www.messerhayn.de\/wp-content\/uploads\/2013\/12\/DamThAktuell11-150x143.jpg 150w\" sizes=\"(max-width: 180px) 100vw, 180px\" \/><\/a><span style=\"color: #c7a589\">\u00a0<\/span><a ref=\"magnificPopup\" href=\"http:\/\/www.messerhayn.de\/wp-content\/uploads\/2013\/12\/ToriRDamast.jpg\"><img loading=\"lazy\" class=\"alignnone size-medium wp-image-504\" src=\"http:\/\/www.messerhayn.de\/wp-content\/uploads\/2013\/12\/ToriRDamast-300x197.jpg\" alt=\"ToriRDamast\" width=\"300\" height=\"197\" srcset=\"http:\/\/www.messerhayn.de\/wp-content\/uploads\/2013\/12\/ToriRDamast-300x197.jpg 300w, http:\/\/www.messerhayn.de\/wp-content\/uploads\/2013\/12\/ToriRDamast.jpg 350w, http:\/\/www.messerhayn.de\/wp-content\/uploads\/2013\/12\/ToriRDamast-150x99.jpg 150w\" sizes=\"(max-width: 300px) 100vw, 300px\" \/><\/a><\/td>\n<td width=\"5%\"><span style=\"color: #c7a589\">\u00a0<\/span><\/td>\n<td valign=\"top\" width=\"45%\"><span style=\"color: #c7a589\">Damaststahl ist in mehreren Versionen zu bekommen. Es gibt rostfreie Sorten, wie den Pulvermetallurgischen Damasteel aus Schweden, oder den Schneider \/ Hehn-Damast, nat\u00fcrlich auch die traditionellen Sorten ( rosttr\u00e4ge ) von Balbach, Denig, Sachse, Schmalz und anderen. Liefebar sind verschiedene Muster: Torisionsdamast, wilder Damast, Rosendamast u.s.w.<\/span><\/td>\n<\/tr>\n<\/tbody>\n<\/table>\n<\/div><\/div>","protected":false},"excerpt":{"rendered":"<p>Der Klingenstahl &nbsp; \u00a0 Die Leistung eines Messers h\u00e4ngt in einer derart entscheidenden Weise von seiner Klinge ab, dass allen anderen Teilen eine vergleichsweise untergeordnete Bedeutung zukommt. \u00a0 Beeinflu\u00dft wird die Qualit\u00e4t einer Klinge von ihrer L\u00e4nge und Form, vor allem aber von den Eigenschaften des verwendeten Stahls. Ohne einen guten Klingenstahl kann es einfach&#8230;<\/p>\n","protected":false},"author":1,"featured_media":0,"parent":0,"menu_order":0,"comment_status":"closed","ping_status":"closed","template":"","meta":[],"_links":{"self":[{"href":"http:\/\/www.messerhayn.de\/index.php?rest_route=\/wp\/v2\/pages\/65"}],"collection":[{"href":"http:\/\/www.messerhayn.de\/index.php?rest_route=\/wp\/v2\/pages"}],"about":[{"href":"http:\/\/www.messerhayn.de\/index.php?rest_route=\/wp\/v2\/types\/page"}],"author":[{"embeddable":true,"href":"http:\/\/www.messerhayn.de\/index.php?rest_route=\/wp\/v2\/users\/1"}],"replies":[{"embeddable":true,"href":"http:\/\/www.messerhayn.de\/index.php?rest_route=%2Fwp%2Fv2%2Fcomments&post=65"}],"version-history":[{"count":10,"href":"http:\/\/www.messerhayn.de\/index.php?rest_route=\/wp\/v2\/pages\/65\/revisions"}],"predecessor-version":[{"id":888,"href":"http:\/\/www.messerhayn.de\/index.php?rest_route=\/wp\/v2\/pages\/65\/revisions\/888"}],"wp:attachment":[{"href":"http:\/\/www.messerhayn.de\/index.php?rest_route=%2Fwp%2Fv2%2Fmedia&parent=65"}],"curies":[{"name":"wp","href":"https:\/\/api.w.org\/{rel}","templated":true}]}}