{"id":96,"date":"2013-12-29T16:00:50","date_gmt":"2013-12-29T16:00:50","guid":{"rendered":"http:\/\/beta.messerhayn.de\/?page_id=96"},"modified":"2018-12-19T12:23:08","modified_gmt":"2018-12-19T12:23:08","slug":"whisky","status":"publish","type":"page","link":"http:\/\/www.messerhayn.de\/?page_id=96","title":{"rendered":"Whisky, Gin, Br\u00e4nde und mehr&#8230;"},"content":{"rendered":"<div id=\"dslc-theme-content\"><div id=\"dslc-theme-content-inner\"><p><strong><a ref=\"magnificPopup\" href=\"http:\/\/www.messerhayn.de\/wp-content\/uploads\/2013\/12\/Prinz_Logo_big.png\"><img loading=\"lazy\" class=\"alignnone size-full wp-image-774\" src=\"http:\/\/www.messerhayn.de\/wp-content\/uploads\/2013\/12\/Prinz_Logo_big.png\" alt=\"\" width=\"200\" height=\"181\" \/>\u00a0 \u00a0Jetzt ist es soweit&#8230;Das Sortiment ist erweitert&#8230;einige Spezialit\u00e4ten der Firma Prinz aus \u00d6sterreich&#8230;Es gibt jetzt:<br \/>\nAlte Williams-Christ-Birne 41 % vol. ,<br \/>\n<span class=\"text_exposed_show\">Hausschnaps Marille 34 % vol.,<br \/>\nNusserla 34 % vol.,<br \/>\nHei\u00dfe Liebe Lik\u00f6r 16 % vol.,<br \/>\nScharfer Kuss Lik\u00f6r 16 % vol.,<br \/>\nGamsblut (Schlehen) Lik\u00f6r 23 % vol.,<br \/>\nBratapfel Lik\u00f6r 16 % vol.<\/span><\/a><a ref=\"magnificPopup\" href=\"http:\/\/www.messerhayn.de\/wp-content\/uploads\/2013\/12\/Prinz.jpg\"><img loading=\"lazy\" class=\"size-medium wp-image-776 alignright\" src=\"http:\/\/www.messerhayn.de\/wp-content\/uploads\/2013\/12\/Prinz-300x190.jpg\" alt=\"\" width=\"300\" height=\"190\" srcset=\"http:\/\/www.messerhayn.de\/wp-content\/uploads\/2013\/12\/Prinz-300x190.jpg 300w, http:\/\/www.messerhayn.de\/wp-content\/uploads\/2013\/12\/Prinz.jpg 558w\" sizes=\"(max-width: 300px) 100vw, 300px\" \/><\/a><\/strong><\/p>\n<p><strong>Schnaps der Freude macht!<\/strong><\/p>\n<p>Am Rande des \u00f6sterreichischen Bodenseeufers, unter besonderen klimatischen Bedingungen, reifen \u00c4pfel, Birnen, Zwetschken, Kirschen, Marillen, Quitten und andere Frucht- und Obstarten mit ausgepr\u00e4gtem Sortencharakter. Seit 1886 werden diese Sch\u00e4tze der Natur dazu genutzt, um mittlerweile mit der Erfahrung von 4 Generationen Destillate von h\u00f6chstem Fruchtgenuss zu erzeugen.<\/p>\n<p>Modernste Brennereitechnik eigens gemeinsam mit den besten Brennereibauern f\u00fcr das Prinz Hafele-Verfahren entwickelt, erlaubt dem Brennmeister die Bedingungen so einzuhalten, dass er aus den Fr\u00fcchten die jeweils konstant h\u00f6chste Qualit\u00e4t gewinnen kann.<\/p>\n<p>Mit dem Willen, das Beste zu geben, entstehen Edelbr\u00e4nde und Lik\u00f6re, die stets aufs Neue \u00fcberzeugen.<\/p>\n<h4 style=\"text-align: left;\"><strong><span style=\"color: #ff9900;\">\u00a0<\/span><\/strong><\/h4>\n<p style=\"text-align: left;\"><strong>Neu: Gin O49 aus dem Osnabr\u00fccker Land<\/strong><\/p>\n<p>Hergestellt wird er in einer Familiendestille an den Ausl\u00e4ufern des Teutoburger Waldes. Flasche f\u00fcr Flasche von Hand abgef\u00fcllt, entsteht mit mehr als 130 Jahren Erfahrung ein <strong>Pure Organic Gin<\/strong> aus unbehandelten Wacholderbeeren, bereichert um die w\u00fcrzig herbe Note der Deutschen Hopfenbl\u00fcte und unverwechselbar veredelt mit den floralen Essenzen des westf\u00e4lischen Salbeis. Ehrensache, dass f\u00fcr diesen au\u00dfergew\u00f6hnlichen Gin ausschlie\u00dflich Zutaten aus 100% kontrolliert biologischem Anbau verwendet werden.<\/p>\n<p>Mit 49% Vol. ist er sp\u00fcrbar kerniger als gew\u00f6hnlich. Aber das passt gut zu den Menschen hier. O49 schmeckt pur mit Eis, klassisch mit Tonic oder f\u00fcr Kenner mit einem Blatt frischem Salbei im Glas.<\/p>\n<p style=\"text-align: left;\"><a ref=\"magnificPopup\" href=\"http:\/\/beta.messerhayn.de\/wp-content\/uploads\/2013\/12\/Packshot_O49.png\"><img loading=\"lazy\" class=\" wp-image-404 size-medium aligncenter\" src=\"http:\/\/beta.messerhayn.de\/wp-content\/uploads\/2013\/12\/Packshot_O49-105x300.png\" alt=\"Gin O49\" width=\"105\" height=\"300\" srcset=\"http:\/\/www.messerhayn.de\/wp-content\/uploads\/2013\/12\/Packshot_O49-105x300.png 105w, http:\/\/www.messerhayn.de\/wp-content\/uploads\/2013\/12\/Packshot_O49-150x427.png 150w, http:\/\/www.messerhayn.de\/wp-content\/uploads\/2013\/12\/Packshot_O49-70x200.png 70w, http:\/\/www.messerhayn.de\/wp-content\/uploads\/2013\/12\/Packshot_O49.png 246w\" sizes=\"(max-width: 105px) 100vw, 105px\" \/><\/a><\/p>\n<h4 style=\"text-align: center;\"><strong><span style=\"color: #ff9900;\">Whisky und mehr&#8230;<\/span><\/strong><br \/>\n<span style=\"color: #ff9900;\"> Es steht eine Auswahl von ca. 45 Sorten exklusiver schottischer Single Malt Whisky f\u00fcr Sie bereit. Einige Sorten k\u00f6nnen Sie auch sofort probieren.<\/span><\/h4>\n<p style=\"text-align: center;\"><strong><span style=\"color: #ff9900;\"><a ref=\"magnificPopup\" href=\"http:\/\/www.messerhayn.de\/wp-content\/uploads\/2013\/12\/Neue-Ware-WhiskyGin-u.-Br\u00e4nde.jpg\"><img loading=\"lazy\" class=\"aligncenter wp-image-808\" src=\"http:\/\/www.messerhayn.de\/wp-content\/uploads\/2013\/12\/Neue-Ware-WhiskyGin-u.-Br\u00e4nde.jpg\" alt=\"\" width=\"800\" height=\"1067\" srcset=\"http:\/\/www.messerhayn.de\/wp-content\/uploads\/2013\/12\/Neue-Ware-WhiskyGin-u.-Br\u00e4nde.jpg 1200w, http:\/\/www.messerhayn.de\/wp-content\/uploads\/2013\/12\/Neue-Ware-WhiskyGin-u.-Br\u00e4nde-225x300.jpg 225w, http:\/\/www.messerhayn.de\/wp-content\/uploads\/2013\/12\/Neue-Ware-WhiskyGin-u.-Br\u00e4nde-768x1024.jpg 768w, http:\/\/www.messerhayn.de\/wp-content\/uploads\/2013\/12\/Neue-Ware-WhiskyGin-u.-Br\u00e4nde-600x800.jpg 600w\" sizes=\"(max-width: 800px) 100vw, 800px\" \/><\/a>Auf Ihre Anfrage teile ich Ihnen gerne mit, ob ein bestimmter Whisky vorr\u00e4tig ist. Kein Versand &#8211; Verkostung im Laden m\u00f6glich.<\/span><\/strong><\/p>\n<p>&nbsp;<\/p>\n<p style=\"text-align: center;\"><span style=\"color: #ff9900;\"><strong>Eine kleine Auswahl der Produkte der Feinbrennerei Sasse<\/strong><\/span><\/p>\n<p>&nbsp;<\/p>\n<\/div><\/div>","protected":false},"excerpt":{"rendered":"<p>\u00a0 \u00a0Jetzt ist es soweit&#8230;Das Sortiment ist erweitert&#8230;einige Spezialit\u00e4ten der Firma Prinz aus \u00d6sterreich&#8230;Es gibt jetzt: Alte Williams-Christ-Birne 41 % vol. , Hausschnaps Marille 34 % vol., Nusserla 34 % vol., Hei\u00dfe Liebe Lik\u00f6r 16 % vol., Scharfer Kuss Lik\u00f6r 16 % vol., Gamsblut (Schlehen) Lik\u00f6r 23 % vol., Bratapfel Lik\u00f6r 16 % vol. Schnaps&#8230;<\/p>\n","protected":false},"author":1,"featured_media":0,"parent":0,"menu_order":0,"comment_status":"closed","ping_status":"closed","template":"","meta":[],"_links":{"self":[{"href":"http:\/\/www.messerhayn.de\/index.php?rest_route=\/wp\/v2\/pages\/96"}],"collection":[{"href":"http:\/\/www.messerhayn.de\/index.php?rest_route=\/wp\/v2\/pages"}],"about":[{"href":"http:\/\/www.messerhayn.de\/index.php?rest_route=\/wp\/v2\/types\/page"}],"author":[{"embeddable":true,"href":"http:\/\/www.messerhayn.de\/index.php?rest_route=\/wp\/v2\/users\/1"}],"replies":[{"embeddable":true,"href":"http:\/\/www.messerhayn.de\/index.php?rest_route=%2Fwp%2Fv2%2Fcomments&post=96"}],"version-history":[{"count":39,"href":"http:\/\/www.messerhayn.de\/index.php?rest_route=\/wp\/v2\/pages\/96\/revisions"}],"predecessor-version":[{"id":900,"href":"http:\/\/www.messerhayn.de\/index.php?rest_route=\/wp\/v2\/pages\/96\/revisions\/900"}],"wp:attachment":[{"href":"http:\/\/www.messerhayn.de\/index.php?rest_route=%2Fwp%2Fv2%2Fmedia&parent=96"}],"curies":[{"name":"wp","href":"https:\/\/api.w.org\/{rel}","templated":true}]}}